{"id":34,"date":"2016-04-03T13:59:12","date_gmt":"2016-04-03T11:59:12","guid":{"rendered":"http:\/\/www.psychotherapie-lueck.de\/?page_id=34"},"modified":"2016-04-23T15:10:31","modified_gmt":"2016-04-23T13:10:31","slug":"beratungsangebot","status":"publish","type":"page","link":"http:\/\/www.psychotherapie-lueck.de\/?page_id=34","title":{"rendered":"Psychotherapie"},"content":{"rendered":"<h1>Psychotherapie<\/h1>\n<p style=\"text-align: justify;\">Ich freue mich, dass Sie sich f\u00fcr das Angebot meiner Praxis interessieren und bringe Ihnen gerne die Inhalte meiner Behandlung n\u00e4her. In der Psychotherapie gibt es drei Formen der Behandlungsweise: die Verhaltenstherapie, die Tiefenpsychologie sowie die Psychoanalyse. Alle drei Verfahren sind wissenschaftlich fundiert und von den Krankenkassen anerkannt.<\/p>\n<p style=\"text-align: justify;\">Ich arbeite \u00fcberwiegend mit verhaltenstherapeutischen Methoden und kn\u00fcpfe zun\u00e4chst an der aktuellen Symptomatik an. Gemeinsam machen wir uns dann auf den Weg, um m\u00f6gliche Ursachen zu finden und schlie\u00dflich L\u00f6sungswege zu erarbeiten. Hierbei lege ich Wert auf Transparenz und ein vertrauensvolles Arbeitsb\u00fcndnis. Die konkrete inhaltliche Herangehensweise richtet sich nach der bestehenden Problematik und wird gemeinsam mit Ihnen besprochen, so dass schlie\u00dflich ein Behandlungsplan erstellt werden kann, wonach die Therapie ausgerichtet werden kann.<\/p>\n<p style=\"text-align: justify;\">St\u00f6rungsbilder, die ich in meiner Praxis behandle sind:<\/p>\n<ul style=\"text-align: justify;\">\n<li>Depressionen<\/li>\n<li>Bipolare St\u00f6rungen<\/li>\n<li>\u00c4ngste<\/li>\n<li>Zw\u00e4nge<\/li>\n<li>Essst\u00f6rungen<\/li>\n<li>Psychosomatische Beschwerden<\/li>\n<li>Anpassungsst\u00f6rungen<\/li>\n<li>Psychische Belastungen nach traumatischen Erfahrungen<\/li>\n<li>Psychische Belastungen nach onkologischer Erkrankung<\/li>\n<\/ul>\n<p style=\"text-align: justify;\">Dies sind einige Beispiele g\u00e4ngiger Erkrankungen in der ambulanten Psychotherapie. Wenn Sie sich hierin mit ihrer Problematik nicht wiederfinden sprechen Sie mich gerne an. Vielleicht lassen sich die bei Ihnen bestehenden Schwierigkeiten nicht direkt einordnen oder h\u00e4ngen mit anderen Faktoren zusammen, die hier nicht genannt sind. Ich berate Sie gerne, so dass wir gemeinsam in Erfahrung bringen k\u00f6nnen, ob mein psychotherapeutisches Angebot zu Ihnen passt.<\/p>\n","protected":false},"excerpt":{"rendered":"<p>Psychotherapie Ich freue mich, dass Sie sich f\u00fcr das Angebot meiner Praxis interessieren und bringe Ihnen gerne die Inhalte meiner Behandlung n\u00e4her. In der Psychotherapie gibt es drei Formen der Behandlungsweise: die Verhaltenstherapie, die Tiefenpsychologie sowie die Psychoanalyse. Alle drei Verfahren sind wissenschaftlich fundiert und von den Krankenkassen anerkannt. Ich arbeite \u00fcberwiegend mit verhaltenstherapeutischen Methoden [&hellip;]<\/p>\n","protected":false},"author":1,"featured_media":0,"parent":0,"menu_order":10,"comment_status":"closed","ping_status":"closed","template":"","meta":[],"_links":{"self":[{"href":"http:\/\/www.psychotherapie-lueck.de\/index.php?rest_route=\/wp\/v2\/pages\/34"}],"collection":[{"href":"http:\/\/www.psychotherapie-lueck.de\/index.php?rest_route=\/wp\/v2\/pages"}],"about":[{"href":"http:\/\/www.psychotherapie-lueck.de\/index.php?rest_route=\/wp\/v2\/types\/page"}],"author":[{"embeddable":true,"href":"http:\/\/www.psychotherapie-lueck.de\/index.php?rest_route=\/wp\/v2\/users\/1"}],"replies":[{"embeddable":true,"href":"http:\/\/www.psychotherapie-lueck.de\/index.php?rest_route=%2Fwp%2Fv2%2Fcomments&post=34"}],"version-history":[{"count":8,"href":"http:\/\/www.psychotherapie-lueck.de\/index.php?rest_route=\/wp\/v2\/pages\/34\/revisions"}],"predecessor-version":[{"id":68,"href":"http:\/\/www.psychotherapie-lueck.de\/index.php?rest_route=\/wp\/v2\/pages\/34\/revisions\/68"}],"wp:attachment":[{"href":"http:\/\/www.psychotherapie-lueck.de\/index.php?rest_route=%2Fwp%2Fv2%2Fmedia&parent=34"}],"curies":[{"name":"wp","href":"https:\/\/api.w.org\/{rel}","templated":true}]}}